{"id":3474,"date":"2022-05-04T14:04:47","date_gmt":"2022-05-04T13:04:47","guid":{"rendered":"https:\/\/travels.lynas.info\/?page_id=3474"},"modified":"2022-05-28T17:12:55","modified_gmt":"2022-05-28T16:12:55","slug":"netherlands-and-germany-2022","status":"publish","type":"page","link":"https:\/\/travels.lynas.info\/?page_id=3474","title":{"rendered":"Netherlands and Germany 2022"},"content":{"rendered":"\n<figure class=\"wp-block-image size-large\"><img loading=\"lazy\" decoding=\"async\" width=\"1024\" height=\"583\" src=\"https:\/\/travels.lynas.info\/wp-content\/uploads\/2022\/05\/img_2202-1024x583.jpg\" alt=\"\" class=\"wp-image-3811\" srcset=\"https:\/\/travels.lynas.info\/wp-content\/uploads\/2022\/05\/img_2202-1024x583.jpg 1024w, https:\/\/travels.lynas.info\/wp-content\/uploads\/2022\/05\/img_2202-300x171.jpg 300w, https:\/\/travels.lynas.info\/wp-content\/uploads\/2022\/05\/img_2202-768x437.jpg 768w, https:\/\/travels.lynas.info\/wp-content\/uploads\/2022\/05\/img_2202-1536x874.jpg 1536w, https:\/\/travels.lynas.info\/wp-content\/uploads\/2022\/05\/img_2202.jpg 1895w\" sizes=\"auto, (max-width: 767px) 89vw, (max-width: 1000px) 54vw, (max-width: 1071px) 543px, 580px\" \/><figcaption>Actual Route<\/figcaption><\/figure>\n\n\n\n<p><a href=\"https:\/\/travels.lynas.info\/?p=3482\">Apeldoorn to Elburg<\/a><br>\n<a href=\"https:\/\/travels.lynas.info\/?p=3496\">Elburg to Lemmer<\/a><br>\n<a href=\"https:\/\/travels.lynas.info\/?p=3546\">Lemmer to Leeuwarden<\/a><br>\n<a href=\"https:\/\/travels.lynas.info\/?p=3558\">Leeuwarden to Terschelling<\/a><br>\n<a href=\"https:\/\/travels.lynas.info\/?p=3597\">Terschelling to Groningen<\/a><br>\n<a href=\"https:\/\/travels.lynas.info\/?p=3608\">Groningen to Bar\u00dfel<\/a><br>\n<a href=\"https:\/\/travels.lynas.info\/?p=3640\">Bar\u00dfel to Bremen<\/a><br>\n<a href=\"https:\/\/travels.lynas.info\/?p=3658\">Bremen to Nienburg<\/a><br>\n<a href=\"https:\/\/travels.lynas.info\/?p=3707\">Nienburg to Minden<\/a><br>\n<a href=\"https:\/\/travels.lynas.info\/?p=3728\">Minden to Osnabr\u00fcck<\/a><br>\n<a href=\"https:\/\/travels.lynas.info\/?p=3759\">Osnabr\u00fcck to M\u00fcnster<\/a><br>\n<a href=\"https:\/\/travels.lynas.info\/?p=3769\">M\u00fcnster to Ruurlo<\/a><br>\n<a href=\"https:\/\/travels.lynas.info\/?p=3797\">Ruurlo to Apeldoorn<\/a><\/p>\n","protected":false},"excerpt":{"rendered":"<p>Apeldoorn to Elburg Elburg to Lemmer Lemmer to Leeuwarden Leeuwarden to Terschelling Terschelling to Groningen Groningen to Bar\u00dfel Bar\u00dfel to Bremen Bremen to Nienburg Nienburg to Minden Minden to Osnabr\u00fcck Osnabr\u00fcck to M\u00fcnster M\u00fcnster to Ruurlo Ruurlo to Apeldoorn<\/p>\n","protected":false},"author":1,"featured_media":0,"parent":0,"menu_order":0,"comment_status":"closed","ping_status":"closed","template":"","meta":{"footnotes":""},"class_list":["post-3474","page","type-page","status-publish","hentry"],"jetpack_sharing_enabled":true,"_links":{"self":[{"href":"https:\/\/travels.lynas.info\/index.php?rest_route=\/wp\/v2\/pages\/3474","targetHints":{"allow":["GET"]}}],"collection":[{"href":"https:\/\/travels.lynas.info\/index.php?rest_route=\/wp\/v2\/pages"}],"about":[{"href":"https:\/\/travels.lynas.info\/index.php?rest_route=\/wp\/v2\/types\/page"}],"author":[{"embeddable":true,"href":"https:\/\/travels.lynas.info\/index.php?rest_route=\/wp\/v2\/users\/1"}],"replies":[{"embeddable":true,"href":"https:\/\/travels.lynas.info\/index.php?rest_route=%2Fwp%2Fv2%2Fcomments&post=3474"}],"version-history":[{"count":15,"href":"https:\/\/travels.lynas.info\/index.php?rest_route=\/wp\/v2\/pages\/3474\/revisions"}],"predecessor-version":[{"id":3815,"href":"https:\/\/travels.lynas.info\/index.php?rest_route=\/wp\/v2\/pages\/3474\/revisions\/3815"}],"wp:attachment":[{"href":"https:\/\/travels.lynas.info\/index.php?rest_route=%2Fwp%2Fv2%2Fmedia&parent=3474"}],"curies":[{"name":"wp","href":"https:\/\/api.w.org\/{rel}","templated":true}]}}