{"id":3001,"date":"2021-03-19T10:46:38","date_gmt":"2021-03-19T10:46:38","guid":{"rendered":"https:\/\/travels.lynas.info\/?page_id=3001"},"modified":"2021-03-19T11:15:31","modified_gmt":"2021-03-19T11:15:31","slug":"3001-2","status":"publish","type":"page","link":"https:\/\/travels.lynas.info\/?page_id=3001","title":{"rendered":"Loire &#8211; source to sea, 2019"},"content":{"rendered":"\n<figure class=\"wp-block-image size-large\"><img loading=\"lazy\" decoding=\"async\" width=\"1024\" height=\"768\" src=\"https:\/\/travels.lynas.info\/wp-content\/uploads\/2021\/03\/JL_IMG_6543-1024x768.jpg\" alt=\"\" class=\"wp-image-2992\" srcset=\"https:\/\/travels.lynas.info\/wp-content\/uploads\/2021\/03\/JL_IMG_6543-1024x768.jpg 1024w, https:\/\/travels.lynas.info\/wp-content\/uploads\/2021\/03\/JL_IMG_6543-300x225.jpg 300w, https:\/\/travels.lynas.info\/wp-content\/uploads\/2021\/03\/JL_IMG_6543-768x576.jpg 768w, https:\/\/travels.lynas.info\/wp-content\/uploads\/2021\/03\/JL_IMG_6543-1536x1152.jpg 1536w, https:\/\/travels.lynas.info\/wp-content\/uploads\/2021\/03\/JL_IMG_6543-2048x1536.jpg 2048w\" sizes=\"auto, (max-width: 767px) 89vw, (max-width: 1000px) 54vw, (max-width: 1071px) 543px, 580px\" \/><\/figure>\n\n\n\n<div class=\"wp-block-group alignwide is-layout-flow wp-block-group-is-layout-flow\"><div class=\"wp-block-group__inner-container\"><\/div><\/div>\n\n\n\n<a href=\"https:\/\/travels.lynas.info\/?p=1420\">Prologue: a gentle warm-up on Alpe d&#8217;Huez<\/a><br \/>\n<a href=\"https:\/\/travels.lynas.info\/?p=1421\">Stage 1: Avignon to Chate\u00e2uneuf-du-Pape<\/a><br \/>\n<a href=\"https:\/\/travels.lynas.info\/?p=1422\">Stage 2: Chate\u00e2uneuf-du-Pape to St Martin d&#8217;Ard\u00e8che<\/a><br \/>\n<a href=\"https:\/\/travels.lynas.info\/?p=1423\">Stage 3: Saint Martin d&#8217;Ard\u00e8che to Vallon-Pont-d&#8217;Arc<\/a><br \/>\n<a href=\"https:\/\/travels.lynas.info\/?p=1450\">Stage 4: Vallon-Pont-d&#8217;Arc to Vals-les-Bains<\/a><br \/>\n<a href=\"https:\/\/travels.lynas.info\/?p=1464\">Stage 5: Vals-les-Bains to Sainte-Eulalie<\/a><br \/>\n<a href=\"https:\/\/travels.lynas.info\/?p=1474\">Stage 6: Sainte-Eulalie to Le Puy-en-Velay<\/a><br \/>\n<a href=\"https:\/\/travels.lynas.info\/?p=1503\">Stage 7: Le Puy-en-Velay to Bas-en-Basset<\/a><br \/>\n<a href=\"https:\/\/travels.lynas.info\/?p=1526\">Stage 8: Bas-en-Basset to Feurs<\/a><br \/>\n<a href=\"https:\/\/travels.lynas.info\/?p=1531\">Stage 9: Feurs to Marcigny<\/a><br \/>\n<a href=\"https:\/\/travels.lynas.info\/?p=1563\">Stage 10: Marcigny to Bourbon-Lancy<\/a><br \/>\n<a href=\"https:\/\/travels.lynas.info\/?p=1572\">Stage 11: Bourbon-Lancy to Nevers<\/a><br \/>\n<a href=\"https:\/\/travels.lynas.info\/?p=1619\">Stage 12: Nevers to Sancerre<\/a><br \/>\n<a href=\"https:\/\/travels.lynas.info\/?p=1629\">Stage 13: Sancerre to Briare<\/a><br \/>\n<a href=\"https:\/\/travels.lynas.info\/?p=1668\">Stage 14: Briare to Chate\u00e2uneuf-sur-Loire<\/a><br \/>\n<a href=\"https:\/\/travels.lynas.info\/?p=1689\">Stage 15: Chate\u00e2uneuf-sur-Loire to Beaugency<\/a><br \/>\n<a href=\"https:\/\/travels.lynas.info\/?p=1729\">Stage 16: Beaugency to Blois<\/a><br \/>\n<a href=\"https:\/\/travels.lynas.info\/?p=1747\">Stage 17: Blois to Amboise<\/a><br \/>\n<a href=\"https:\/\/travels.lynas.info\/?p=1759\">Stage 18: Amboise to Tours<\/a><br \/>\n<a href=\"https:\/\/travels.lynas.info\/?p=1779\">Stage 19: Tours to Saumur<\/a><br \/>\n<a href=\"https:\/\/travels.lynas.info\/?p=1810\">Stage 20: Saumur to Angers<\/a><br \/>\n<a href=\"https:\/\/travels.lynas.info\/?p=1830\">Stage 21: Angers to Champtoceaux<\/a><br \/>\n<a href=\"https:\/\/travels.lynas.info\/?p=1859\">Stage 22: Champtoceaux to Rouans<\/a><br \/>\n<a href=\"https:\/\/travels.lynas.info\/?p=1881\">Stage 23: Rouans to Pornic<\/a><br \/>\n","protected":false},"excerpt":{"rendered":"<p>Prologue: a gentle warm-up on Alpe d&#8217;Huez Stage 1: Avignon to Chate\u00e2uneuf-du-Pape Stage 2: Chate\u00e2uneuf-du-Pape to St Martin d&#8217;Ard\u00e8che Stage 3: Saint Martin d&#8217;Ard\u00e8che to Vallon-Pont-d&#8217;Arc Stage 4: Vallon-Pont-d&#8217;Arc to Vals-les-Bains Stage 5: Vals-les-Bains to Sainte-Eulalie Stage 6: Sainte-Eulalie to Le Puy-en-Velay Stage 7: Le Puy-en-Velay to Bas-en-Basset Stage 8: Bas-en-Basset to Feurs Stage 9: &hellip; <\/p>\n<p class=\"link-more\"><a href=\"https:\/\/travels.lynas.info\/?page_id=3001\" class=\"more-link\">Continue reading<span class=\"screen-reader-text\"> &#8220;Loire &#8211; source to sea, 2019&#8221;<\/span><\/a><\/p>\n","protected":false},"author":1,"featured_media":0,"parent":0,"menu_order":0,"comment_status":"closed","ping_status":"closed","template":"bt-no-sidebar-wide.php","meta":{"footnotes":""},"class_list":["post-3001","page","type-page","status-publish","hentry"],"jetpack_sharing_enabled":true,"_links":{"self":[{"href":"https:\/\/travels.lynas.info\/index.php?rest_route=\/wp\/v2\/pages\/3001","targetHints":{"allow":["GET"]}}],"collection":[{"href":"https:\/\/travels.lynas.info\/index.php?rest_route=\/wp\/v2\/pages"}],"about":[{"href":"https:\/\/travels.lynas.info\/index.php?rest_route=\/wp\/v2\/types\/page"}],"author":[{"embeddable":true,"href":"https:\/\/travels.lynas.info\/index.php?rest_route=\/wp\/v2\/users\/1"}],"replies":[{"embeddable":true,"href":"https:\/\/travels.lynas.info\/index.php?rest_route=%2Fwp%2Fv2%2Fcomments&post=3001"}],"version-history":[{"count":12,"href":"https:\/\/travels.lynas.info\/index.php?rest_route=\/wp\/v2\/pages\/3001\/revisions"}],"predecessor-version":[{"id":3016,"href":"https:\/\/travels.lynas.info\/index.php?rest_route=\/wp\/v2\/pages\/3001\/revisions\/3016"}],"wp:attachment":[{"href":"https:\/\/travels.lynas.info\/index.php?rest_route=%2Fwp%2Fv2%2Fmedia&parent=3001"}],"curies":[{"name":"wp","href":"https:\/\/api.w.org\/{rel}","templated":true}]}}